{"id":45,"date":"2021-01-07T18:11:04","date_gmt":"2021-01-07T17:11:04","guid":{"rendered":"https:\/\/www.ecouponing.eu\/?page_id=45"},"modified":"2021-01-07T18:23:10","modified_gmt":"2021-01-07T17:23:10","slug":"impressum","status":"publish","type":"page","link":"https:\/\/www.ecouponing.eu\/?page_id=45","title":{"rendered":"Impressum"},"content":{"rendered":"\t\t<div data-elementor-type=\"wp-page\" data-elementor-id=\"45\" class=\"elementor elementor-45\">\n\t\t\t\t\t\t<section class=\"elementor-section elementor-top-section elementor-element elementor-element-34e6f19 elementor-section-boxed elementor-section-height-default elementor-section-height-default\" data-id=\"34e6f19\" data-element_type=\"section\">\n\t\t\t\t\t\t<div class=\"elementor-container elementor-column-gap-default\">\n\t\t\t\t\t<div class=\"elementor-column elementor-col-100 elementor-top-column elementor-element elementor-element-38911cfc\" data-id=\"38911cfc\" data-element_type=\"column\">\n\t\t\t<div class=\"elementor-widget-wrap elementor-element-populated\">\n\t\t\t\t\t\t<div class=\"elementor-element elementor-element-2bb8cbd3 elementor-widget elementor-widget-spacer\" data-id=\"2bb8cbd3\" data-element_type=\"widget\" data-widget_type=\"spacer.default\">\n\t\t\t\t<div class=\"elementor-widget-container\">\n\t\t\t<span id=2bb8cbd3><\/span>\t\t<div class=\"elementor-spacer\">\n\t\t\t<div class=\"elementor-spacer-inner\"><\/div>\n\t\t<\/div>\n\t\t\t\t<\/div>\n\t\t\t\t<\/div>\n\t\t\t\t<div class=\"elementor-element elementor-element-1479c073 elementor-widget elementor-widget-heading\" data-id=\"1479c073\" data-element_type=\"widget\" data-widget_type=\"heading.default\">\n\t\t\t\t<div class=\"elementor-widget-container\">\n\t\t\t<span id=1479c073><\/span><h1 class=\"elementor-heading-title elementor-size-default\">Impressum<\/h1>\t\t<\/div>\n\t\t\t\t<\/div>\n\t\t\t\t<div class=\"elementor-element elementor-element-66126910 elementor-widget elementor-widget-spacer\" data-id=\"66126910\" data-element_type=\"widget\" data-widget_type=\"spacer.default\">\n\t\t\t\t<div class=\"elementor-widget-container\">\n\t\t\t<span id=66126910><\/span>\t\t<div class=\"elementor-spacer\">\n\t\t\t<div class=\"elementor-spacer-inner\"><\/div>\n\t\t<\/div>\n\t\t\t\t<\/div>\n\t\t\t\t<\/div>\n\t\t\t\t<div class=\"elementor-element elementor-element-2eee62af elementor-widget elementor-widget-heading\" data-id=\"2eee62af\" data-element_type=\"widget\" data-widget_type=\"heading.default\">\n\t\t\t\t<div class=\"elementor-widget-container\">\n\t\t\t<span id=2eee62af><\/span><h4 class=\"elementor-heading-title elementor-size-default\">VERANTWORTLICH F\u00dcR DEN INHALT DIESER WEBSITE GEM\u00c4SS\u00a0\u00a7 5 TMG:<\/h4>\t\t<\/div>\n\t\t\t\t<\/div>\n\t\t\t\t<div class=\"elementor-element elementor-element-540de14e elementor-widget elementor-widget-spacer\" data-id=\"540de14e\" data-element_type=\"widget\" data-widget_type=\"spacer.default\">\n\t\t\t\t<div class=\"elementor-widget-container\">\n\t\t\t<span id=540de14e><\/span>\t\t<div class=\"elementor-spacer\">\n\t\t\t<div class=\"elementor-spacer-inner\"><\/div>\n\t\t<\/div>\n\t\t\t\t<\/div>\n\t\t\t\t<\/div>\n\t\t\t\t<div class=\"elementor-element elementor-element-3940dc01 elementor-widget elementor-widget-text-editor\" data-id=\"3940dc01\" data-element_type=\"widget\" data-widget_type=\"text-editor.default\">\n\t\t\t\t<div class=\"elementor-widget-container\">\n\t\t\t<span id=3940dc01><\/span>\t\t\t\t<h4>MUSCIDA GmbH &amp; Co. KG<\/h4><p>Jutastrasse 26<br \/>D- 80636 M\u00fcnchen<br \/>Telefon: 089 3000 24 17<br \/>E-Mail: info&#64;muscida&#46;de<\/p><h4>Registereintrag<\/h4><p>Gericht: Amtsgericht M\u00fcnchen<br \/>Handelsregister-Nummer: HRA 112545<br \/>Vertreten durch\u00a0Gesch\u00e4ftsf\u00fchrer:<br \/>Dipl. Ing. Fabian Zink<\/p><h4>Streitschlichtung<\/h4><p>Die Europ\u00e4ische Kommission stellt eine Plattform zur Online-Streitbeilegung (OS) bereit:\u00a0<a href=\"https:\/\/ec.europa.eu\/consumers\/odr\">https:\/\/ec.europa.eu\/consumers\/odr<\/a>.\u00a0Unsere E-Mail-Adresse finden Sie oben im Impressum.<\/p><p>Wir sind nicht bereit oder verpflichtet, an Streitbeilegungsverfahren vor einer Verbraucherschlichtungsstelle teilzunehmen.<\/p><h4>Quellenangaben f\u00fcr die verwendeten Bilder und Grafiken<\/h4><p>\u00a9 (Image ID: 141717325) \/ Shutterstock.com, (architecture-building-shop-shopping ID 264576) \/ pixabay.com; (group-hand-fist-bump ID 1068523)\/pexels.com<\/p><h4>Haftung f\u00fcr Inhalte<\/h4><p>Als Diensteanbieter sind wir gem\u00e4\u00df \u00a7 7 Abs.1 TMG f\u00fcr eigene Inhalte auf diesen Seiten nach den allgemeinen Gesetzen verantwortlich. Nach \u00a7\u00a7 8 bis 10 TMG sind wir als Diensteanbieter jedoch nicht verpflichtet, \u00fcbermittelte oder gespeicherte fremde Informationen zu \u00fcberwachen oder nach Umst\u00e4nden zu forschen, die auf eine rechtswidrige T\u00e4tigkeit hinweisen.<\/p><p>Verpflichtungen zur Entfernung oder Sperrung der Nutzung von Informationen nach den allgemeinen Gesetzen bleiben hiervon unber\u00fchrt. Eine diesbez\u00fcgliche Haftung ist jedoch erst ab dem Zeitpunkt der Kenntnis einer konkreten Rechtsverletzung m\u00f6glich. Bei Bekanntwerden von entsprechenden Rechtsverletzungen werden wir diese Inhalte umgehend entfernen.<\/p><h4>Haftung f\u00fcr Links<\/h4><p>Unser Angebot enth\u00e4lt Links zu externen Websites Dritter, auf deren Inhalte wir keinen Einfluss haben. Deshalb k\u00f6nnen wir f\u00fcr diese fremden Inhalte auch keine Gew\u00e4hr \u00fcbernehmen. F\u00fcr die Inhalte der verlinkten Seiten ist stets der jeweilige Anbieter oder Betreiber der Seiten verantwortlich. Die verlinkten Seiten wurden zum Zeitpunkt der Verlinkung auf m\u00f6gliche Rechtsverst\u00f6\u00dfe \u00fcberpr\u00fcft. Rechtswidrige Inhalte waren zum Zeitpunkt der Verlinkung nicht erkennbar.<br \/>Eine permanente inhaltliche Kontrolle der verlinkten Seiten ist jedoch ohne konkrete Anhaltspunkte einer Rechtsverletzung nicht zumutbar. Bei Bekanntwerden von Rechtsverletzungen werden wir derartige Links umgehend entfernen.<\/p><h4>Urheberrecht<\/h4><p>Die durch die Seitenbetreiber erstellten Inhalte und Werke auf diesen Seiten unterliegen dem deutschen Urheberrecht. Die Vervielf\u00e4ltigung, Bearbeitung, Verbreitung und jede Art der Verwertung au\u00dferhalb der Grenzen des Urheberrechtes bed\u00fcrfen der schriftlichen Zustimmung des jeweiligen Autors bzw. Erstellers. Downloads und Kopien dieser Seite sind nur f\u00fcr den privaten, nicht kommerziellen Gebrauch gestattet.<br \/>Soweit die Inhalte auf dieser Seite nicht vom Betreiber erstellt wurden, werden die Urheberrechte Dritter beachtet. Insbesondere werden Inhalte Dritter als solche gekennzeichnet. Sollten Sie trotzdem auf eine Urheberrechtsverletzung aufmerksam werden, bitten wir um einen entsprechenden Hinweis. Bei Bekanntwerden von Rechtsverletzungen werden wir derartige Inhalte umgehend entfernen.<\/p>\t\t\t\t\t\t<\/div>\n\t\t\t\t<\/div>\n\t\t\t\t\t<\/div>\n\t\t<\/div>\n\t\t\t\t\t<\/div>\n\t\t<\/section>\n\t\t\t\t<\/div>\n\t\t","protected":false},"excerpt":{"rendered":"<p>Impressum VERANTWORTLICH F\u00dcR DEN INHALT DIESER WEBSITE GEM\u00c4SS\u00a0\u00a7 5 TMG: MUSCIDA GmbH &amp; Co. KG Jutastrasse 26D- 80636 M\u00fcnchenTelefon: 089 3000 24 17E-Mail: &#105;&#110;&#x66;o&#64;&#x6d;&#x75;s&#99;&#x69;&#x64;a&#46;&#x64;&#x65; Registereintrag Gericht: Amtsgericht M\u00fcnchenHandelsregister-Nummer: HRA 112545Vertreten durch\u00a0Gesch\u00e4ftsf\u00fchrer:Dipl. Ing. Fabian Zink Streitschlichtung Die Europ\u00e4ische Kommission stellt eine Plattform zur Online-Streitbeilegung (OS) bereit:\u00a0https:\/\/ec.europa.eu\/consumers\/odr.\u00a0Unsere E-Mail-Adresse finden Sie oben im Impressum. Wir sind nicht bereit [&hellip;]<\/p>\n","protected":false},"author":1,"featured_media":0,"parent":0,"menu_order":0,"comment_status":"closed","ping_status":"closed","template":"","meta":{"ocean_post_layout":"full-screen","ocean_both_sidebars_style":"","ocean_both_sidebars_content_width":0,"ocean_both_sidebars_sidebars_width":0,"ocean_sidebar":"0","ocean_second_sidebar":"0","ocean_disable_margins":"enable","ocean_add_body_class":"","ocean_shortcode_before_top_bar":"","ocean_shortcode_after_top_bar":"","ocean_shortcode_before_header":"","ocean_shortcode_after_header":"","ocean_has_shortcode":"","ocean_shortcode_after_title":"","ocean_shortcode_before_footer_widgets":"","ocean_shortcode_after_footer_widgets":"","ocean_shortcode_before_footer_bottom":"","ocean_shortcode_after_footer_bottom":"","ocean_display_top_bar":"default","ocean_display_header":"default","ocean_header_style":"","ocean_center_header_left_menu":"0","ocean_custom_header_template":"0","ocean_custom_logo":0,"ocean_custom_retina_logo":0,"ocean_custom_logo_max_width":0,"ocean_custom_logo_tablet_max_width":0,"ocean_custom_logo_mobile_max_width":0,"ocean_custom_logo_max_height":0,"ocean_custom_logo_tablet_max_height":0,"ocean_custom_logo_mobile_max_height":0,"ocean_header_custom_menu":"0","ocean_menu_typo_font_family":"0","ocean_menu_typo_font_subset":"","ocean_menu_typo_font_size":0,"ocean_menu_typo_font_size_tablet":0,"ocean_menu_typo_font_size_mobile":0,"ocean_menu_typo_font_size_unit":"px","ocean_menu_typo_font_weight":"","ocean_menu_typo_font_weight_tablet":"","ocean_menu_typo_font_weight_mobile":"","ocean_menu_typo_transform":"","ocean_menu_typo_transform_tablet":"","ocean_menu_typo_transform_mobile":"","ocean_menu_typo_line_height":0,"ocean_menu_typo_line_height_tablet":0,"ocean_menu_typo_line_height_mobile":0,"ocean_menu_typo_line_height_unit":"","ocean_menu_typo_spacing":0,"ocean_menu_typo_spacing_tablet":0,"ocean_menu_typo_spacing_mobile":0,"ocean_menu_typo_spacing_unit":"","ocean_menu_link_color":"","ocean_menu_link_color_hover":"","ocean_menu_link_color_active":"","ocean_menu_link_background":"","ocean_menu_link_hover_background":"","ocean_menu_link_active_background":"","ocean_menu_social_links_bg":"","ocean_menu_social_hover_links_bg":"","ocean_menu_social_links_color":"","ocean_menu_social_hover_links_color":"","ocean_disable_title":"on","ocean_disable_heading":"default","ocean_post_title":"","ocean_post_subheading":"","ocean_post_title_style":"","ocean_post_title_background_color":"","ocean_post_title_background":0,"ocean_post_title_bg_image_position":"","ocean_post_title_bg_image_attachment":"","ocean_post_title_bg_image_repeat":"","ocean_post_title_bg_image_size":"","ocean_post_title_height":0,"ocean_post_title_bg_overlay":0.5,"ocean_post_title_bg_overlay_color":"","ocean_disable_breadcrumbs":"default","ocean_breadcrumbs_color":"","ocean_breadcrumbs_separator_color":"","ocean_breadcrumbs_links_color":"","ocean_breadcrumbs_links_hover_color":"","ocean_display_footer_widgets":"default","ocean_display_footer_bottom":"default","ocean_custom_footer_template":"0"},"yoast_head":"<!-- This site is optimized with the Yoast SEO plugin v21.1 - https:\/\/yoast.com\/wordpress\/plugins\/seo\/ -->\n<title>Impressum - Drive2Store Solutions<\/title>\n<meta name=\"robots\" content=\"index, follow, max-snippet:-1, max-image-preview:large, max-video-preview:-1\" \/>\n<link rel=\"canonical\" href=\"https:\/\/www.ecouponing.eu\/?page_id=45\" \/>\n<meta property=\"og:locale\" content=\"de_DE\" \/>\n<meta property=\"og:type\" content=\"article\" \/>\n<meta property=\"og:title\" content=\"Impressum - Drive2Store Solutions\" \/>\n<meta property=\"og:description\" content=\"Impressum VERANTWORTLICH F\u00dcR DEN INHALT DIESER WEBSITE GEM\u00c4SS\u00a0\u00a7 5 TMG: MUSCIDA GmbH &amp; Co. KG Jutastrasse 26D- 80636 M\u00fcnchenTelefon: 089 3000 24 17E-Mail: i&#110;&#102;&#x6f;&#x40;&#x6d;&#x75;s&#099;&#105;&#100;&#x61;&#x2e;&#x64;e Registereintrag Gericht: Amtsgericht M\u00fcnchenHandelsregister-Nummer: HRA 112545Vertreten durch\u00a0Gesch\u00e4ftsf\u00fchrer:Dipl. Ing. Fabian Zink Streitschlichtung Die Europ\u00e4ische Kommission stellt eine Plattform zur Online-Streitbeilegung (OS) bereit:\u00a0https:\/\/ec.europa.eu\/consumers\/odr.\u00a0Unsere E-Mail-Adresse finden Sie oben im Impressum. Wir sind nicht bereit [&hellip;]\" \/>\n<meta property=\"og:url\" content=\"https:\/\/www.ecouponing.eu\/?page_id=45\" \/>\n<meta property=\"og:site_name\" content=\"Drive2Store Solutions\" \/>\n<meta property=\"article:modified_time\" content=\"2021-01-07T17:23:10+00:00\" \/>\n<meta name=\"twitter:card\" content=\"summary_large_image\" \/>\n<meta name=\"twitter:label1\" content=\"Gesch\u00e4tzte Lesezeit\" \/>\n\t<meta name=\"twitter:data1\" content=\"2\u00a0Minuten\" \/>\n<script type=\"application\/ld+json\" class=\"yoast-schema-graph\">{\"@context\":\"https:\/\/schema.org\",\"@graph\":[{\"@type\":\"WebPage\",\"@id\":\"https:\/\/www.ecouponing.eu\/?page_id=45\",\"url\":\"https:\/\/www.ecouponing.eu\/?page_id=45\",\"name\":\"Impressum - Drive2Store Solutions\",\"isPartOf\":{\"@id\":\"https:\/\/www.ecouponing.eu\/#website\"},\"datePublished\":\"2021-01-07T17:11:04+00:00\",\"dateModified\":\"2021-01-07T17:23:10+00:00\",\"breadcrumb\":{\"@id\":\"https:\/\/www.ecouponing.eu\/?page_id=45#breadcrumb\"},\"inLanguage\":\"de\",\"potentialAction\":[{\"@type\":\"ReadAction\",\"target\":[\"https:\/\/www.ecouponing.eu\/?page_id=45\"]}]},{\"@type\":\"BreadcrumbList\",\"@id\":\"https:\/\/www.ecouponing.eu\/?page_id=45#breadcrumb\",\"itemListElement\":[{\"@type\":\"ListItem\",\"position\":1,\"name\":\"Startseite\",\"item\":\"https:\/\/www.ecouponing.eu\/\"},{\"@type\":\"ListItem\",\"position\":2,\"name\":\"Impressum\"}]},{\"@type\":\"WebSite\",\"@id\":\"https:\/\/www.ecouponing.eu\/#website\",\"url\":\"https:\/\/www.ecouponing.eu\/\",\"name\":\"Drive2Store Solutions\",\"description\":\"eCouponing, eClearing, Abverkaufssteigerung, Kundenbindung\",\"publisher\":{\"@id\":\"https:\/\/www.ecouponing.eu\/#organization\"},\"potentialAction\":[{\"@type\":\"SearchAction\",\"target\":{\"@type\":\"EntryPoint\",\"urlTemplate\":\"https:\/\/www.ecouponing.eu\/?s={search_term_string}\"},\"query-input\":\"required name=search_term_string\"}],\"inLanguage\":\"de\"},{\"@type\":\"Organization\",\"@id\":\"https:\/\/www.ecouponing.eu\/#organization\",\"name\":\"Drive2Store Solutions\",\"url\":\"https:\/\/www.ecouponing.eu\/\",\"logo\":{\"@type\":\"ImageObject\",\"inLanguage\":\"de\",\"@id\":\"https:\/\/www.ecouponing.eu\/#\/schema\/logo\/image\/\",\"url\":\"https:\/\/www.ecouponing.eu\/wp-content\/uploads\/2021\/01\/cropped-Logo-D2S.png\",\"contentUrl\":\"https:\/\/www.ecouponing.eu\/wp-content\/uploads\/2021\/01\/cropped-Logo-D2S.png\",\"width\":449,\"height\":124,\"caption\":\"Drive2Store Solutions\"},\"image\":{\"@id\":\"https:\/\/www.ecouponing.eu\/#\/schema\/logo\/image\/\"}}]}<\/script>\n<!-- \/ Yoast SEO plugin. -->","yoast_head_json":{"title":"Impressum - Drive2Store Solutions","robots":{"index":"index","follow":"follow","max-snippet":"max-snippet:-1","max-image-preview":"max-image-preview:large","max-video-preview":"max-video-preview:-1"},"canonical":"https:\/\/www.ecouponing.eu\/?page_id=45","og_locale":"de_DE","og_type":"article","og_title":"Impressum - Drive2Store Solutions","og_description":"Impressum VERANTWORTLICH F\u00dcR DEN INHALT DIESER WEBSITE GEM\u00c4SS\u00a0\u00a7 5 TMG: MUSCIDA GmbH &amp; Co. KG Jutastrasse 26D- 80636 M\u00fcnchenTelefon: 089 3000 24 17E-Mail: i&#110;&#102;&#x6f;&#x40;&#x6d;&#x75;s&#99;&#105;&#100;&#x61;&#x2e;&#x64;e Registereintrag Gericht: Amtsgericht M\u00fcnchenHandelsregister-Nummer: HRA 112545Vertreten durch\u00a0Gesch\u00e4ftsf\u00fchrer:Dipl. Ing. Fabian Zink Streitschlichtung Die Europ\u00e4ische Kommission stellt eine Plattform zur Online-Streitbeilegung (OS) bereit:\u00a0https:\/\/ec.europa.eu\/consumers\/odr.\u00a0Unsere E-Mail-Adresse finden Sie oben im Impressum. Wir sind nicht bereit [&hellip;]","og_url":"https:\/\/www.ecouponing.eu\/?page_id=45","og_site_name":"Drive2Store Solutions","article_modified_time":"2021-01-07T17:23:10+00:00","twitter_card":"summary_large_image","twitter_misc":{"Gesch\u00e4tzte Lesezeit":"2\u00a0Minuten"},"schema":{"@context":"https:\/\/schema.org","@graph":[{"@type":"WebPage","@id":"https:\/\/www.ecouponing.eu\/?page_id=45","url":"https:\/\/www.ecouponing.eu\/?page_id=45","name":"Impressum - Drive2Store Solutions","isPartOf":{"@id":"https:\/\/www.ecouponing.eu\/#website"},"datePublished":"2021-01-07T17:11:04+00:00","dateModified":"2021-01-07T17:23:10+00:00","breadcrumb":{"@id":"https:\/\/www.ecouponing.eu\/?page_id=45#breadcrumb"},"inLanguage":"de","potentialAction":[{"@type":"ReadAction","target":["https:\/\/www.ecouponing.eu\/?page_id=45"]}]},{"@type":"BreadcrumbList","@id":"https:\/\/www.ecouponing.eu\/?page_id=45#breadcrumb","itemListElement":[{"@type":"ListItem","position":1,"name":"Startseite","item":"https:\/\/www.ecouponing.eu\/"},{"@type":"ListItem","position":2,"name":"Impressum"}]},{"@type":"WebSite","@id":"https:\/\/www.ecouponing.eu\/#website","url":"https:\/\/www.ecouponing.eu\/","name":"Drive2Store Solutions","description":"eCouponing, eClearing, Abverkaufssteigerung, Kundenbindung","publisher":{"@id":"https:\/\/www.ecouponing.eu\/#organization"},"potentialAction":[{"@type":"SearchAction","target":{"@type":"EntryPoint","urlTemplate":"https:\/\/www.ecouponing.eu\/?s={search_term_string}"},"query-input":"required name=search_term_string"}],"inLanguage":"de"},{"@type":"Organization","@id":"https:\/\/www.ecouponing.eu\/#organization","name":"Drive2Store Solutions","url":"https:\/\/www.ecouponing.eu\/","logo":{"@type":"ImageObject","inLanguage":"de","@id":"https:\/\/www.ecouponing.eu\/#\/schema\/logo\/image\/","url":"https:\/\/www.ecouponing.eu\/wp-content\/uploads\/2021\/01\/cropped-Logo-D2S.png","contentUrl":"https:\/\/www.ecouponing.eu\/wp-content\/uploads\/2021\/01\/cropped-Logo-D2S.png","width":449,"height":124,"caption":"Drive2Store Solutions"},"image":{"@id":"https:\/\/www.ecouponing.eu\/#\/schema\/logo\/image\/"}}]}},"_links":{"self":[{"href":"https:\/\/www.ecouponing.eu\/index.php?rest_route=\/wp\/v2\/pages\/45"}],"collection":[{"href":"https:\/\/www.ecouponing.eu\/index.php?rest_route=\/wp\/v2\/pages"}],"about":[{"href":"https:\/\/www.ecouponing.eu\/index.php?rest_route=\/wp\/v2\/types\/page"}],"author":[{"embeddable":true,"href":"https:\/\/www.ecouponing.eu\/index.php?rest_route=\/wp\/v2\/users\/1"}],"replies":[{"embeddable":true,"href":"https:\/\/www.ecouponing.eu\/index.php?rest_route=%2Fwp%2Fv2%2Fcomments&post=45"}],"version-history":[{"count":7,"href":"https:\/\/www.ecouponing.eu\/index.php?rest_route=\/wp\/v2\/pages\/45\/revisions"}],"predecessor-version":[{"id":55,"href":"https:\/\/www.ecouponing.eu\/index.php?rest_route=\/wp\/v2\/pages\/45\/revisions\/55"}],"wp:attachment":[{"href":"https:\/\/www.ecouponing.eu\/index.php?rest_route=%2Fwp%2Fv2%2Fmedia&parent=45"}],"curies":[{"name":"wp","href":"https:\/\/api.w.org\/{rel}","templated":true}]}}